{"id":1523,"date":"2025-01-22T14:17:16","date_gmt":"2025-01-22T13:17:16","guid":{"rendered":"https:\/\/controlinterno.umh.es\/?page_id=1523"},"modified":"2026-03-30T10:57:42","modified_gmt":"2026-03-30T08:57:42","slug":"politica-ambiental-umh","status":"publish","type":"page","link":"https:\/\/controlinterno.umh.es\/ca\/presentacion\/politica-ambiental-umh\/","title":{"rendered":"<span lang=\"es\">(Espa\u00f1ol) Pol\u00edtica Ambiental UMH<\/span>"},"content":{"rendered":"<p><span dir=\"auto\" style=\"vertical-align: inherit\"><span dir=\"auto\" style=\"vertical-align: inherit\">POL\u00cdTICA AMBIENTAL DE LA UMH<\/span><\/span><\/p>\n<p><span dir=\"auto\" style=\"vertical-align: inherit\"><span dir=\"auto\" style=\"vertical-align: inherit\">El Servei de Control Intern de la UMH participa anualment al <\/span><\/span><a href=\"https:\/\/www.umhsostenible.com\/objetivos-ambientales\/\" target=\"_blank\" rel=\"noopener\"><span dir=\"auto\" style=\"vertical-align: inherit\"><span dir=\"auto\" style=\"vertical-align: inherit\">Programa d&#8217;Objectius Ambientals<\/span><\/span><\/a><a href=\"https:\/\/cartadeservicios.umh.es\/cartas_servicio\/gestionEstudios\/index.html\" target=\"_blank\" rel=\"noopener\"><img loading=\"lazy\" class=\"alignnone wp-image-31436 size-full\" src=\"https:\/\/estudios.umh.es\/files\/2021\/11\/abre-en-nueva-ventana.png\" alt=\"(obriu en nova finestra)\" width=\"15\" height=\"15\" \/><\/a><span dir=\"auto\" style=\"vertical-align: inherit\"><span dir=\"auto\" style=\"vertical-align: inherit\"> \u00a0com a eina per a la millora i el reconeixement del nostre comportament ambiental, i actua d&#8217;acord amb la\u00a0 <\/span><\/span><a href=\"https:\/\/www.umhsostenible.com\/el-area-ambiental-y-desarrollo-sostenible-de-la-umh\/#politica\" target=\"_blank\" rel=\"noopener\"><span dir=\"auto\" style=\"vertical-align: inherit\"><span dir=\"auto\" style=\"vertical-align: inherit\">Pol\u00edtica Ambiental de la UMH<\/span><\/span><\/a><a href=\"https:\/\/cartadeservicios.umh.es\/cartas_servicio\/gestionEstudios\/index.html\" target=\"_blank\" rel=\"noopener\"><img loading=\"lazy\" class=\"alignnone wp-image-31436 size-full\" src=\"https:\/\/estudios.umh.es\/files\/2021\/11\/abre-en-nueva-ventana.png\" alt=\"(obriu en nova finestra)\" width=\"15\" height=\"15\" \/><\/a><span dir=\"auto\" style=\"vertical-align: inherit\"><span dir=\"auto\" style=\"vertical-align: inherit\"> , la qual recull els\u00a0 <\/span><\/span><strong><span dir=\"auto\" style=\"vertical-align: inherit\"><span dir=\"auto\" style=\"vertical-align: inherit\">compromisos ambientals<\/span><\/span><\/strong><span dir=\"auto\" style=\"vertical-align: inherit\"><span dir=\"auto\" style=\"vertical-align: inherit\"> \u00a0de la Universitat Miguel Hern\u00e1ndez d&#8217;Elx per a la millora del seu exercici ambiental en les seves activitats de gesti\u00f3, investigaci\u00f3, transfer\u00e8ncia de coneixement i formaci\u00f3.<\/span><\/span><\/p>","protected":false},"excerpt":{"rendered":"<p>POL\u00cdTICA AMBIENTAL DE LA UMH<br \/>\nEl Servei de Control Intern de la UMH participa anualment al Programa d&#8217;Objectius Ambientals \u00a0com a eina per a la millora i el reconeixement del nostre comportament ambiental, i actua d&#8217;acord amb la\u00a0 Pol\u00edtica Ambiental de la UMH , la qual recull els\u00a0 compromisos ambientals \u00a0de la Universitat Miguel Hern\u00e1ndez d&#8217;Elx [&#8230;]<\/p>\n","protected":false},"author":11420,"featured_media":0,"parent":3,"menu_order":4,"comment_status":"closed","ping_status":"closed","template":"","meta":{"_links_to":"","_links_to_target":""},"_links":{"self":[{"href":"https:\/\/controlinterno.umh.es\/ca\/wp-json\/wp\/v2\/pages\/1523"}],"collection":[{"href":"https:\/\/controlinterno.umh.es\/ca\/wp-json\/wp\/v2\/pages"}],"about":[{"href":"https:\/\/controlinterno.umh.es\/ca\/wp-json\/wp\/v2\/types\/page"}],"author":[{"embeddable":true,"href":"https:\/\/controlinterno.umh.es\/ca\/wp-json\/wp\/v2\/users\/11420"}],"replies":[{"embeddable":true,"href":"https:\/\/controlinterno.umh.es\/ca\/wp-json\/wp\/v2\/comments?post=1523"}],"version-history":[{"count":0,"href":"https:\/\/controlinterno.umh.es\/ca\/wp-json\/wp\/v2\/pages\/1523\/revisions"}],"up":[{"embeddable":true,"href":"https:\/\/controlinterno.umh.es\/ca\/wp-json\/wp\/v2\/pages\/3"}],"wp:attachment":[{"href":"https:\/\/controlinterno.umh.es\/ca\/wp-json\/wp\/v2\/media?parent=1523"}],"curies":[{"name":"wp","href":"https:\/\/api.w.org\/{rel}","templated":true}]}}