{"id":169,"date":"2011-02-18T12:46:04","date_gmt":"2011-02-18T11:46:04","guid":{"rendered":"http:\/\/controlinterno.umh.es\/?page_id=169"},"modified":"2023-12-13T11:05:31","modified_gmt":"2023-12-13T10:05:31","slug":"caja-fija","status":"publish","type":"page","link":"https:\/\/controlinterno.umh.es\/ca\/fiscalizacion\/caja-fija\/","title":{"rendered":"CAIXA FITXA A LA UMH"},"content":{"rendered":"<p><\/p>\n<div style=\"text-align: justify\">\n<p><strong><strong>Concepto<\/strong><\/strong><\/p>\n<div style=\"text-align: justify\">\n<p>El art\u00edculo 63 de la\u00a0<a href=\"http:\/\/www.dogv.gva.es\/disposicio-consolidada?signatura=001223\/2015&amp;idioma=es&amp;L=1&amp;url_lista=\">Ley 1\/2015, de 6 de febrero<\/a>, de la Generalitat, de Hacienda P\u00fablica, del Sector P\u00fablico Instrumental y de Subvenciones, define los anticipos de caja fija como: &#8220;provisiones de fondos de car\u00e1cter extrapresupuestario y permanente que se realizan a las habilitaciones para la atenci\u00f3n inmediata de gastos peri\u00f3dicos o repetitivos y posterior aplicaci\u00f3n al presupuesto&#8221;.<\/p>\n<p>Adem\u00e1s, el\u00a0<a href=\"http:\/\/www.dogv.gva.es\/es\/resultats-temes?&amp;CHK_TEXTO_LIBRE=1&amp;tipo_search=legislacion&amp;num_tipo=9&amp;signatura=002595\/2017\" target=\"_blank\" rel=\"noopener noreferrer\">Decreto 25\/2017, de 24 de febrero<\/a>, del Consell, (DOGV n\u00fam. 8007, de 24\/03\/2017), por el que se regulan los fondos de caja fija aclara que se destinan a\u00a0&#8220;dietas, gastos de locomoci\u00f3n, material no inventariable, conservaci\u00f3n, tracto sucesivo y otros de similares caracter\u00edsticas&#8221;.<\/p>\n<\/div>\n<div style=\"text-align: justify\"><\/div>\n<\/div>\n<div style=\"text-align: justify\"><\/div>\n<p><\/p>","protected":false},"excerpt":{"rendered":"<p>Concepto<\/p>\n<p>El art\u00edculo 63 de la\u00a0Ley 1\/2015, de 6 de febrero, de la Generalitat, de Hacienda P\u00fablica, del Sector P\u00fablico Instrumental y de Subvenciones, define los anticipos de caja fija como: &#8220;provisiones de fondos de car\u00e1cter extrapresupuestario y permanente que se realizan a las habilitaciones para la atenci\u00f3n inmediata de gastos peri\u00f3dicos o repetitivos y posterior [&#8230;]<\/p>\n","protected":false},"author":105,"featured_media":0,"parent":880,"menu_order":3,"comment_status":"closed","ping_status":"closed","template":"","meta":{"_links_to":"","_links_to_target":""},"_links":{"self":[{"href":"https:\/\/controlinterno.umh.es\/ca\/wp-json\/wp\/v2\/pages\/169"}],"collection":[{"href":"https:\/\/controlinterno.umh.es\/ca\/wp-json\/wp\/v2\/pages"}],"about":[{"href":"https:\/\/controlinterno.umh.es\/ca\/wp-json\/wp\/v2\/types\/page"}],"author":[{"embeddable":true,"href":"https:\/\/controlinterno.umh.es\/ca\/wp-json\/wp\/v2\/users\/105"}],"replies":[{"embeddable":true,"href":"https:\/\/controlinterno.umh.es\/ca\/wp-json\/wp\/v2\/comments?post=169"}],"version-history":[{"count":0,"href":"https:\/\/controlinterno.umh.es\/ca\/wp-json\/wp\/v2\/pages\/169\/revisions"}],"up":[{"embeddable":true,"href":"https:\/\/controlinterno.umh.es\/ca\/wp-json\/wp\/v2\/pages\/880"}],"wp:attachment":[{"href":"https:\/\/controlinterno.umh.es\/ca\/wp-json\/wp\/v2\/media?parent=169"}],"curies":[{"name":"wp","href":"https:\/\/api.w.org\/{rel}","templated":true}]}}