{"id":290,"date":"2011-05-27T10:06:46","date_gmt":"2011-05-27T08:06:46","guid":{"rendered":"http:\/\/controlinterno.umh.es\/?page_id=290"},"modified":"2023-12-13T10:29:48","modified_gmt":"2023-12-13T09:29:48","slug":"contratacion-menor-2","status":"publish","type":"page","link":"https:\/\/controlinterno.umh.es\/ca\/fiscalizacion\/contratacion\/contratacion-menor-2\/","title":{"rendered":"<span lang=\"es\">(Espa\u00f1ol) Contrataci\u00f3n Menor<\/span>"},"content":{"rendered":"<p><a href=\"https:\/\/controlinterno.umh.es\/files\/2011\/05\/RR-0361_101.pdf\">RR 0361_10 Anulaci\u00f3n de la fiscalizaci\u00f3n previa de los contratos menores<\/a><\/p>\n<p style=\"text-align: justify\"><strong>En base a la Resoluci\u00f3n Rectoral 361\/10, de 22 de marzo, de la Universidad Miguel Hern\u00e1ndez, se anulan y por tanto se dejan sin efecto las Resoluci\u00f3nes Rectorales 367\/03 y 600\/08 relativas a la fiscalizaci\u00f3n previa de los contratos menores. La citada Resoluci\u00f3n producir\u00e1 efectos a partir del d\u00eda 1 de abril del presente a\u00f1o.\u00a0<\/strong>\u00a0<\/p>\n<p style=\"text-align: justify\">En aras de facilitar el cumplimiento de lo establecido\u00a0en el art\u00edculo 31.3 por la Ley General de Subvenciones o para aquellos casos en que se estime oportuno solicitar presupuestos con car\u00e1cter previo a la contrataci\u00f3n de obras, servicios o suministros, podr\u00e1n descargarse los modelos de invitaci\u00f3n a empresas , as\u00ed como el modelo de propuesta de la empresa seleccionada abriendo el archivo MODELO DE INVITACION A EMPRESAS Y PROPUESTA.<\/p>\n<p style=\"text-align: justify\"><a href=\"https:\/\/controlinterno.umh.es\/files\/2011\/05\/MODELO-INVITACI\u00d3N-A-EMPRESAS-Y-PROPUESTA1.ppt\">MODELO INVITACI\u00d3N A EMPRESAS Y PROPUESTA<\/a><\/p>\n<p><\/p>","protected":false},"excerpt":{"rendered":"<p>RR 0361_10 Anulaci\u00f3n de la fiscalizaci\u00f3n previa de los contratos menores<br \/>\nEn base a la Resoluci\u00f3n Rectoral 361\/10, de 22 de marzo, de la Universidad Miguel Hern\u00e1ndez, se anulan y por tanto se dejan sin efecto las Resoluci\u00f3nes Rectorales 367\/03 y 600\/08 relativas a la fiscalizaci\u00f3n previa de los contratos menores. La citada Resoluci\u00f3n producir\u00e1 efectos [&#8230;]<\/p>\n","protected":false},"author":105,"featured_media":0,"parent":168,"menu_order":20,"comment_status":"closed","ping_status":"open","template":"","meta":{"_links_to":"","_links_to_target":""},"_links":{"self":[{"href":"https:\/\/controlinterno.umh.es\/ca\/wp-json\/wp\/v2\/pages\/290"}],"collection":[{"href":"https:\/\/controlinterno.umh.es\/ca\/wp-json\/wp\/v2\/pages"}],"about":[{"href":"https:\/\/controlinterno.umh.es\/ca\/wp-json\/wp\/v2\/types\/page"}],"author":[{"embeddable":true,"href":"https:\/\/controlinterno.umh.es\/ca\/wp-json\/wp\/v2\/users\/105"}],"replies":[{"embeddable":true,"href":"https:\/\/controlinterno.umh.es\/ca\/wp-json\/wp\/v2\/comments?post=290"}],"version-history":[{"count":0,"href":"https:\/\/controlinterno.umh.es\/ca\/wp-json\/wp\/v2\/pages\/290\/revisions"}],"up":[{"embeddable":true,"href":"https:\/\/controlinterno.umh.es\/ca\/wp-json\/wp\/v2\/pages\/168"}],"wp:attachment":[{"href":"https:\/\/controlinterno.umh.es\/ca\/wp-json\/wp\/v2\/media?parent=290"}],"curies":[{"name":"wp","href":"https:\/\/api.w.org\/{rel}","templated":true}]}}