{"id":852,"date":"2020-07-07T09:16:50","date_gmt":"2020-07-07T07:16:50","guid":{"rendered":"https:\/\/controlinterno.umh.es\/?page_id=852"},"modified":"2026-03-30T10:59:42","modified_gmt":"2026-03-30T08:59:42","slug":"planes-de-actuaciones","status":"publish","type":"page","link":"https:\/\/controlinterno.umh.es\/ca\/planes-de-actuaciones\/","title":{"rendered":"PLANS DE ACTUACIONS"},"content":{"rendered":"<p><\/p>\n<p style=\"text-align: justify\"><span dir=\"auto\" style=\"vertical-align: inherit\"><span dir=\"auto\" style=\"vertical-align: inherit\">El Pla anual d&#8217;actuacions \u00e9s el document que pret\u00e9n establir el marc per a les actuacions de control sobre la gesti\u00f3 economicofinancera i pressupost\u00e0ria de l&#8217;exercici de la Universitat Miguel Hern\u00e1ndez. En aquest es pret\u00e9n establir una racionalitzaci\u00f3 dels recursos emprats en la tasca de fiscalitzaci\u00f3, ja sigui amb car\u00e0cter previ oa posteriori, per tal d&#8217;abastar noves \u00e0rees de risc que es detecten, b\u00e9 per iniciativa pr\u00f2pia, derivada de les conclusions i recomanacions plasmades en els diferents informes, o com a conseq\u00fc\u00e8ncia les indicacions realitzades en informes emesos pels \u00f2rgans de govern la Universitat<\/span><\/span><\/p>\n<p><span style=\"color: #000000\"><a style=\"color: #000000\" href=\"https:\/\/controlinterno.umh.es\/files\/2025\/03\/Plan-Actuaciones-SCI-2025-2.pdf\" target=\"_blank\" rel=\"noopener\"><span dir=\"auto\" style=\"vertical-align: inherit\"><span dir=\"auto\" style=\"vertical-align: inherit\">PLA D&#8217;ACTUACIONS 2025 (document pdf)<\/span><\/span><\/a><\/span><\/p>\n<p><span style=\"color: #000000\"><a style=\"color: #000000\" href=\"https:\/\/controlinterno.umh.es\/files\/2024\/05\/CERTIFICADO-COMISION-ASUNTOS-ECONOMICOS-CONSEJO-SOCIAL-24_02_2024-Plan-Actuaciones-SCI-2024.pdf\" target=\"_blank\" rel=\"noopener\"><span dir=\"auto\" style=\"vertical-align: inherit\"><span dir=\"auto\" style=\"vertical-align: inherit\">PLA D&#8217;ACTUACIONS 2024(document pdf)<\/span><\/span><\/a><\/span><\/p>\n<p><span style=\"color: #000000\"><a style=\"color: #000000\" href=\"https:\/\/controlinterno.umh.es\/files\/2023\/03\/Plan-Actuaciones-SCI-UMH-2023.pdf\" target=\"_blank\" rel=\"noopener\"><span dir=\"auto\" style=\"vertical-align: inherit\"><span dir=\"auto\" style=\"vertical-align: inherit\">PLA D&#8217;ACTUACIONS 2023(document pdf)<\/span><\/span><\/a><\/span><\/p>\n<p><span style=\"color: #000000\"><a style=\"color: #000000\" href=\"https:\/\/controlinterno.umh.es\/files\/2022\/03\/RCOGO-050-22-Not-acu.-Plan-actuaciones-Control-Interno-UMH.pdf\"><span dir=\"auto\" style=\"vertical-align: inherit\"><span dir=\"auto\" style=\"vertical-align: inherit\">PLA D&#8217;ACTUACIONS 2022 <\/span><\/span><\/a><a style=\"color: #000000\" href=\"https:\/\/controlinterno.umh.es\/files\/2023\/03\/Plan-Actuaciones-SCI-UMH-2023.pdf\" target=\"_blank\" rel=\"noopener\"><span dir=\"auto\" style=\"vertical-align: inherit\"><span dir=\"auto\" style=\"vertical-align: inherit\">(document pdf)<\/span><\/span><\/a><\/span><\/p>\n<p><span style=\"color: #000000\"><a style=\"color: #000000\" href=\"https:\/\/controlinterno.umh.es\/files\/2021\/02\/PLAN-DE-ACTUACIONES-CERTIFICADO-SECRETARIA-2021.pdf\"><span dir=\"auto\" style=\"vertical-align: inherit\"><span dir=\"auto\" style=\"vertical-align: inherit\">PLA D&#8217;ACTUACIONS 2021 <\/span><\/span><\/a><a style=\"color: #000000\" href=\"https:\/\/controlinterno.umh.es\/files\/2023\/03\/Plan-Actuaciones-SCI-UMH-2023.pdf\" target=\"_blank\" rel=\"noopener\"><span dir=\"auto\" style=\"vertical-align: inherit\"><span dir=\"auto\" style=\"vertical-align: inherit\">(document pdf)<\/span><\/span><\/a><\/span><\/p>\n<p><span style=\"color: #000000\"><a style=\"color: #000000\" href=\"https:\/\/controlinterno.umh.es\/files\/2020\/04\/RS-0156-2020-Not-Ac.-Plan-de-Actuaciones-del-Servicio-de-Control-Interno.pdf\"><span dir=\"auto\" style=\"vertical-align: inherit\"><span dir=\"auto\" style=\"vertical-align: inherit\">PLA D&#8217;ACTUACIONS 2020 <\/span><\/span><\/a><a style=\"color: #000000\" href=\"https:\/\/controlinterno.umh.es\/files\/2023\/03\/Plan-Actuaciones-SCI-UMH-2023.pdf\" target=\"_blank\" rel=\"noopener\"><span dir=\"auto\" style=\"vertical-align: inherit\"><span dir=\"auto\" style=\"vertical-align: inherit\">(document pdf)<\/span><\/span><\/a><\/span><\/p>\n<p><span style=\"color: #000000\"><a style=\"color: #000000\" href=\"https:\/\/controlinterno.umh.es\/files\/2019\/02\/RS-0083_19-NOT.-ACUERDO-PLAN-DE-ACTUACIONES-DEL-SERVICIO-CONTROL-INTERNO.pdf\"><span dir=\"auto\" style=\"vertical-align: inherit\"><span dir=\"auto\" style=\"vertical-align: inherit\">PLA D&#8217;ACTUACIONS 2019 <\/span><\/span><\/a><a style=\"color: #000000\" href=\"https:\/\/controlinterno.umh.es\/files\/2023\/03\/Plan-Actuaciones-SCI-UMH-2023.pdf\" target=\"_blank\" rel=\"noopener\"><span dir=\"auto\" style=\"vertical-align: inherit\"><span dir=\"auto\" style=\"vertical-align: inherit\">(document pdf)<\/span><\/span><\/a><\/span><\/p>\n<p><span style=\"color: #000000\"><a style=\"color: #000000\" href=\"https:\/\/controlinterno.umh.es\/files\/2018\/05\/APROBACION-CONSEJO-SOCIAL-PLAN-DE-ACTUACIONES-2018.pdf\"><span dir=\"auto\" style=\"vertical-align: inherit\"><span dir=\"auto\" style=\"vertical-align: inherit\">PLA D&#8217;ACTUACIONS 2018 <\/span><\/span><\/a><a style=\"color: #000000\" href=\"https:\/\/controlinterno.umh.es\/files\/2023\/03\/Plan-Actuaciones-SCI-UMH-2023.pdf\" target=\"_blank\" rel=\"noopener\"><span dir=\"auto\" style=\"vertical-align: inherit\"><span dir=\"auto\" style=\"vertical-align: inherit\">(document pdf)<\/span><\/span><\/a><\/span><\/p>\n<p><span style=\"color: #000000\"><a style=\"color: #000000\" href=\"https:\/\/controlinterno.umh.es\/files\/2017\/03\/Not.-acu.-Plan-de-Actuaci\u00f3n-Serv.-Control-Interno-2017.pdf\"><span dir=\"auto\" style=\"vertical-align: inherit\"><span dir=\"auto\" style=\"vertical-align: inherit\">PLA D&#8217;ACTUACIONS 201 <\/span><\/span><\/a><a style=\"color: #000000\" href=\"https:\/\/controlinterno.umh.es\/files\/2023\/03\/Plan-Actuaciones-SCI-UMH-2023.pdf\" target=\"_blank\" rel=\"noopener\"><span dir=\"auto\" style=\"vertical-align: inherit\"><span dir=\"auto\" style=\"vertical-align: inherit\">(document pdf)<\/span><\/span><\/a><\/span><\/p>\n<p><span style=\"color: #000000\"><a style=\"color: #000000\" href=\"https:\/\/controlinterno.umh.es\/files\/2015\/09\/CONSEJO-GOBIERNO-27-07-2015-MOD-PLAN-CONTROL-INTERNO.pdf\"><span dir=\"auto\" style=\"vertical-align: inherit\"><span dir=\"auto\" style=\"vertical-align: inherit\">MOD.PLA D&#8217;ACTUACIONS 2014-2016 <\/span><\/span><\/a><a style=\"color: #000000\" href=\"https:\/\/controlinterno.umh.es\/files\/2023\/03\/Plan-Actuaciones-SCI-UMH-2023.pdf\"><span dir=\"auto\" style=\"vertical-align: inherit\"><span dir=\"auto\" style=\"vertical-align: inherit\">(document pdf)<\/span><\/span><\/a><\/span><\/p>\n<p><span style=\"color: #000000\"><a style=\"color: #000000\" href=\"https:\/\/controlinterno.umh.es\/files\/2015\/01\/FINAL-PLAN-DE-ACTUACIONES-2014-2016.-aprobado-por-el-Consejo-Social.pdf\" target=\"_blank\" rel=\"noopener\"><span dir=\"auto\" style=\"vertical-align: inherit\"><span dir=\"auto\" style=\"vertical-align: inherit\">PLA D&#8217;ACTUACIONS 2014-2016( <\/span><\/span><\/a><a style=\"color: #000000\" href=\"https:\/\/controlinterno.umh.es\/files\/2023\/03\/Plan-Actuaciones-SCI-UMH-2023.pdf\" target=\"_blank\" rel=\"noopener\"><span dir=\"auto\" style=\"vertical-align: inherit\"><span dir=\"auto\" style=\"vertical-align: inherit\">(document pdf)<\/span><\/span><\/a><\/span><\/p>","protected":false},"excerpt":{"rendered":"<p>El Pla anual d&#8217;actuacions \u00e9s el document que pret\u00e9n establir el marc per a les actuacions de control sobre la gesti\u00f3 economicofinancera i pressupost\u00e0ria de l&#8217;exercici de la Universitat Miguel Hern\u00e1ndez. En aquest es pret\u00e9n establir una racionalitzaci\u00f3 dels recursos emprats en la tasca de fiscalitzaci\u00f3, ja sigui amb car\u00e0cter previ oa posteriori, per tal [&#8230;]<\/p>\n","protected":false},"author":106,"featured_media":0,"parent":0,"menu_order":2,"comment_status":"closed","ping_status":"closed","template":"","meta":{"_links_to":"","_links_to_target":""},"_links":{"self":[{"href":"https:\/\/controlinterno.umh.es\/ca\/wp-json\/wp\/v2\/pages\/852"}],"collection":[{"href":"https:\/\/controlinterno.umh.es\/ca\/wp-json\/wp\/v2\/pages"}],"about":[{"href":"https:\/\/controlinterno.umh.es\/ca\/wp-json\/wp\/v2\/types\/page"}],"author":[{"embeddable":true,"href":"https:\/\/controlinterno.umh.es\/ca\/wp-json\/wp\/v2\/users\/106"}],"replies":[{"embeddable":true,"href":"https:\/\/controlinterno.umh.es\/ca\/wp-json\/wp\/v2\/comments?post=852"}],"version-history":[{"count":0,"href":"https:\/\/controlinterno.umh.es\/ca\/wp-json\/wp\/v2\/pages\/852\/revisions"}],"wp:attachment":[{"href":"https:\/\/controlinterno.umh.es\/ca\/wp-json\/wp\/v2\/media?parent=852"}],"curies":[{"name":"wp","href":"https:\/\/api.w.org\/{rel}","templated":true}]}}