{"id":1228,"date":"2022-12-15T12:25:34","date_gmt":"2022-12-15T11:25:34","guid":{"rendered":"https:\/\/controlinterno.umh.es\/?page_id=1228"},"modified":"2024-11-05T09:14:43","modified_gmt":"2024-11-05T08:14:43","slug":"lucha-contra-el-fraude-en-la-umh","status":"publish","type":"page","link":"https:\/\/controlinterno.umh.es\/en\/lucha-contra-el-fraude-en-la-umh\/","title":{"rendered":"FIGHT AGAINST FRAUD AT THE UMH"},"content":{"rendered":"<p><a href=\"https:\/\/antifraude.umh.es\/\">PORTAL DE LUCHA CONTRA EL FRAUDE EN LA UMH<\/a><\/p>\n<p><a href=\"https:\/\/controlinterno.umh.es\/files\/2022\/12\/RCOGO-295-21-Not-acu-declaracion-institucional-UMH-materia-antifraude-marco-orden-HFP10302021.pdf\">Declaraci\u00f3n Institucional de la UMH en materia antifraude (PDF)<\/a><\/p>\n<p><a href=\"https:\/\/controlinterno.umh.es\/files\/2022\/12\/RCOGO-051-22-Not-acu.-Reglamento-Comision-Antifraude.pdf\">Constituci\u00f3n de la Comisi\u00f3n Antifraude de la UMH y Reglamento de Funcionamiento (PDF)<\/a><\/p>\n<p><a href=\"https:\/\/controlinterno.umh.es\/files\/2022\/12\/RCOGO-136-22-Not-acu.-Plan-de-medidas-antifraude-de-la-UMH.pdf\">Plan de medidas antifraude de la UMH (PDF)<\/a><\/p>\n<p><a href=\"https:\/\/controlinterno.umh.es\/files\/2022\/12\/bil-RCOGO-209-22-Not-acu.-canal-Antifraude-de-la-Universidad-Miguel-Hernandez-gerente-copia-autentica.pdf\">Constituci\u00f3n del Canal Antifraude de la Universidad Miguel Hern\u00e1ndez y su procedimiento de recepci\u00f3n, gesti\u00f3n y registro (PDF)<\/a><\/p>\n<p><a href=\"https:\/\/antifraude.umh.es\/canal-antifraude\/\">Canal Antifraude de la UMH\u00a0<\/a><\/p>","protected":false},"excerpt":{"rendered":"<p>PORTAL DE LUCHA CONTRA EL FRAUDE EN LA UMH<br \/>\nDeclaraci\u00f3n Institucional de la UMH en materia antifraude (PDF)<br \/>\nConstituci\u00f3n de la Comisi\u00f3n Antifraude de la UMH y Reglamento de Funcionamiento (PDF)<br \/>\nPlan de medidas antifraude de la UMH (PDF)<br \/>\nConstituci\u00f3n del Canal Antifraude de la Universidad Miguel Hern\u00e1ndez y su procedimiento de recepci\u00f3n, gesti\u00f3n y registro (PDF)<br \/>\nCanal Antifraude de [&#8230;]<\/p>\n","protected":false},"author":106,"featured_media":0,"parent":0,"menu_order":5,"comment_status":"closed","ping_status":"closed","template":"","meta":{"_links_to":"","_links_to_target":""},"_links":{"self":[{"href":"https:\/\/controlinterno.umh.es\/en\/wp-json\/wp\/v2\/pages\/1228"}],"collection":[{"href":"https:\/\/controlinterno.umh.es\/en\/wp-json\/wp\/v2\/pages"}],"about":[{"href":"https:\/\/controlinterno.umh.es\/en\/wp-json\/wp\/v2\/types\/page"}],"author":[{"embeddable":true,"href":"https:\/\/controlinterno.umh.es\/en\/wp-json\/wp\/v2\/users\/106"}],"replies":[{"embeddable":true,"href":"https:\/\/controlinterno.umh.es\/en\/wp-json\/wp\/v2\/comments?post=1228"}],"version-history":[{"count":0,"href":"https:\/\/controlinterno.umh.es\/en\/wp-json\/wp\/v2\/pages\/1228\/revisions"}],"wp:attachment":[{"href":"https:\/\/controlinterno.umh.es\/en\/wp-json\/wp\/v2\/media?parent=1228"}],"curies":[{"name":"wp","href":"https:\/\/api.w.org\/{rel}","templated":true}]}}