{"id":182,"date":"2011-02-21T10:47:33","date_gmt":"2011-02-21T09:17:33","guid":{"rendered":"http:\/\/controlinterno.umh.es\/?page_id=182"},"modified":"2021-10-08T15:59:10","modified_gmt":"2021-10-08T13:59:10","slug":"fiscalizacion-de-la-caja-fija","status":"publish","type":"page","link":"https:\/\/controlinterno.umh.es\/en\/fiscalizacion\/caja-fija\/fiscalizacion-de-la-caja-fija\/","title":{"rendered":"Aspectos generales"},"content":{"rendered":"<p><\/p>\n<div style=\"text-align: justify\"><strong>Rendici\u00f3n<\/strong><\/div>\n<p style=\"text-align: justify\">\n<div style=\"text-align: justify\">Los habilitados de caja fija rendir\u00e1n cuentas justificativas por los gastos atendidos con anticipos de caja fija a medida que sus necesidades de tesorer\u00eda aconsejen la reposici\u00f3n de los fondos utilizados y, necesariamente, en el mes de diciembre de cada a\u00f1o.<\/div>\n<p style=\"text-align: justify\">La \u00faltima caja fija rendida con sus justificantes y la conciliaci\u00f3n bancaria, deber\u00e1 presentarse para su aprobaci\u00f3n por el Rector antes de la fecha que se fije en cada ejercicio, no debiendo realizarse m\u00e1s gastos hasta el ejercicio siguiente. Alternativamente se comunicar\u00e1 al Centro de Gesti\u00f3n en su caso, que efect\u00faen la transferencia de la cantidad restante en la caja, junto a los justificantes de la \u00faltima del ejercicio, dotando al principio del a\u00f1o siguiente de la cantidad total autorizada para el desarrollo de sus actividades. Junto a los justificantes habituales de cada Caja Fija que se rinda, se incorporar\u00e1 un listado de los movimientos de la cuenta corriente durante el periodo. <em><span style=\"text-decoration: underline\">Si la Caja Fija presentara alguna incidencia deber\u00e1 ser resuelta por la oficina, quedando pendiente la reposici\u00f3n de los fondos en tanto la resoluci\u00f3n no se haya producido.<\/span><\/em><\/p>\n<p style=\"text-align: justify\"><strong>R\u00e9gimen<\/strong><\/p>\n<p style=\"text-align: justify\">La regulaci\u00f3n anterior sobre Caja Fija ser\u00e1 de aplicaci\u00f3n sin perjuicio de la existente en las Normas de Ejecuci\u00f3n y Funcionamiento de la Universidad contenida en el T\u00edtulo I, as\u00ed como de aquella de car\u00e1cter general que la legislaci\u00f3n presupuestaria o contable pueda establecer.<\/p>\n<p style=\"text-align: justify\"><strong>Responsabilidad y Competencia<\/strong><\/p>\n<p style=\"text-align: justify\">Los titulares con firma autorizada en la Caja Fija, son los responsables directos del mantenimiento de la misma, con capacidad para encomendar el control designando a una persona para ello. La encomienda del control de la cuenta corriente no abarcar\u00e1 la delegaci\u00f3n de la responsabilidad.<\/p>\n<div style=\"text-align: justify\"><strong>Contabilizaci\u00f3n y Gesti\u00f3n<\/strong><\/div>\n<p style=\"text-align: justify\">\n<p style=\"text-align: justify\">Desde el Servicio de Informaci\u00f3n Contable, Gesti\u00f3n Financiera y Presupuestos y con la conformidad de Control Interno, se podr\u00e1n realizar anualmente auditorias sobre la gesti\u00f3n de la Caja Fija en las oficinas, revisando toda la documentaci\u00f3n y los apuntes que refleje la cuenta.<\/p>\n<p>La regulaci\u00f3n anterior sobre Caja Fija ser\u00e1 de aplicaci\u00f3n sin perjuicio de la existente en las Normas de Ejecuci\u00f3n y Funcionamiento de la Universidad contenida en el T\u00edtulo I, as\u00ed como de aquella de car\u00e1cter general que la legislaci\u00f3n presupuestaria o contable pueda establecer.\u00a0<\/p>\n<div style=\"text-align: justify\">Los movimientos que se producen en las Cajas Fijas de los Centros de Gesti\u00f3n se mecanizar\u00e1n por las mismas, disponiendo para ello de una tabla de conceptos presupuestarios, tanto de los org\u00e1nicos de departamentos como de los acuerdos de investigaci\u00f3n. La oficina de gesti\u00f3n archivar\u00e1 copia de todas las Cuentas Justificativas que remita a la Oficina Central para su control, a salvo de posibles auditor\u00edas internas o externas.<span style=\"font-size: xx-small;font-family: BookAntiqua\"><span style=\"font-size: xx-small;font-family: BookAntiqua\">\u00a0<\/span><\/span><\/div>\n<p><\/p>","protected":false},"excerpt":{"rendered":"<p>Rendici\u00f3n<\/p>\n<p>Los habilitados de caja fija rendir\u00e1n cuentas justificativas por los gastos atendidos con anticipos de caja fija a medida que sus necesidades de tesorer\u00eda aconsejen la reposici\u00f3n de los fondos utilizados y, necesariamente, en el mes de diciembre de cada a\u00f1o.<br \/>\nLa \u00faltima caja fija rendida con sus justificantes y la conciliaci\u00f3n bancaria, deber\u00e1 presentarse para [&#8230;]<\/p>\n","protected":false},"author":105,"featured_media":0,"parent":169,"menu_order":1,"comment_status":"closed","ping_status":"open","template":"","meta":{"_links_to":"","_links_to_target":""},"_links":{"self":[{"href":"https:\/\/controlinterno.umh.es\/en\/wp-json\/wp\/v2\/pages\/182"}],"collection":[{"href":"https:\/\/controlinterno.umh.es\/en\/wp-json\/wp\/v2\/pages"}],"about":[{"href":"https:\/\/controlinterno.umh.es\/en\/wp-json\/wp\/v2\/types\/page"}],"author":[{"embeddable":true,"href":"https:\/\/controlinterno.umh.es\/en\/wp-json\/wp\/v2\/users\/105"}],"replies":[{"embeddable":true,"href":"https:\/\/controlinterno.umh.es\/en\/wp-json\/wp\/v2\/comments?post=182"}],"version-history":[{"count":0,"href":"https:\/\/controlinterno.umh.es\/en\/wp-json\/wp\/v2\/pages\/182\/revisions"}],"up":[{"embeddable":true,"href":"https:\/\/controlinterno.umh.es\/en\/wp-json\/wp\/v2\/pages\/169"}],"wp:attachment":[{"href":"https:\/\/controlinterno.umh.es\/en\/wp-json\/wp\/v2\/media?parent=182"}],"curies":[{"name":"wp","href":"https:\/\/api.w.org\/{rel}","templated":true}]}}